{"id":681,"date":"2025-06-27T13:05:52","date_gmt":"2025-06-27T20:05:52","guid":{"rendered":"https:\/\/encantocafestore.com\/?post_type=product&#038;p=681"},"modified":"2026-03-09T12:20:46","modified_gmt":"2026-03-09T19:20:46","slug":"coffee-cookies-8-pack-cafecitas","status":"publish","type":"product","link":"https:\/\/encantocafestore.com\/fr\/shop\/snacks\/coffee-cookies-8-pack-cafecitas\/","title":{"rendered":"Biscuits au Caf\u00e9 Paquet de 8\u2013 Cafecitas"},"content":{"rendered":"<p>Chez Encanto Caf\u00e9 Store, nous croyons que la saveur du caf\u00e9 peut \u00eatre savour\u00e9e bien au-del\u00e0 de la tasse. C\u2019est pourquoi nous avons s\u00e9lectionn\u00e9 ces d\u00e9licieux biscuits Cafecitas, \u00e9labor\u00e9s avec du v\u00e9ritable Caf\u00e9 Quind\u00edo. Ils sont le compl\u00e9ment parfait \u00e0 tout moment de la journ\u00e9e, pens\u00e9s sp\u00e9cialement pour les amateurs de caf\u00e9 en qu\u00eate d\u2019une exp\u00e9rience douce et diff\u00e9rente.<\/p>\n<p>Au c\u0153ur du Quind\u00edo, ces biscuits artisanaux marient la texture croustillante \u00e0 la douceur du meilleur caf\u00e9 colombien. Leur pr\u00e9paration respecte la qualit\u00e9 et la tradition de notre terre d\u2019origine. Parfaits pour accompagner votre rituel quotidien ou pour offrir un d\u00e9tail sp\u00e9cial, les Cafecitas sont une gourmandise qui s\u00e9duit \u00e0 chaque bouch\u00e9e.<\/p>","protected":false},"excerpt":{"rendered":"<p>Coffee Cookies Displays 35g (1.2oz) x 8 Pkg.<\/p>\n<p>Nous avons s\u00e9lectionn\u00e9 ces d\u00e9licieuses biscuits Cafecitas, faits avec du v\u00e9ritable caf\u00e9 de Quind\u00edo \u2014 le compl\u00e9ment parfait pour tout moment de la journ\u00e9e.<\/p>\n<ul data-start=\"267\" data-end=\"543\">\n<li data-start=\"267\" data-end=\"333\">\n<p data-start=\"269\" data-end=\"333\">Crisp, bite-sized coffee cookies with a gently toasted flavour<\/p>\n<\/li>\n<li data-start=\"334\" data-end=\"407\">\n<p data-start=\"336\" data-end=\"407\">Balanced sweetness designed to pair beautifully with specialty coffee<\/p>\n<\/li>\n<li data-start=\"408\" data-end=\"476\">\n<p data-start=\"410\" data-end=\"476\">Perfect for sharing, gifting, or enjoying one cafecita at a time<\/p>\n<\/li>\n<li data-start=\"477\" data-end=\"543\">\n<p data-start=\"479\" data-end=\"543\">A classic Colombian treat reimagined for modern coffee rituals<\/p>\n<\/li>\n<\/ul>","protected":false},"featured_media":912,"comment_status":"open","ping_status":"closed","template":"","meta":{"_acf_changed":false,"inline_featured_image":false},"product_brand":[],"product_cat":[39],"product_tag":[],"class_list":{"0":"post-681","1":"product","2":"type-product","3":"status-publish","4":"has-post-thumbnail","6":"product_cat-snacks","8":"first","9":"instock","10":"taxable","11":"shipping-taxable","12":"purchasable","13":"product-type-simple"},"acf":[],"_links":{"self":[{"href":"https:\/\/encantocafestore.com\/fr\/wp-json\/wp\/v2\/product\/681","targetHints":{"allow":["GET"]}}],"collection":[{"href":"https:\/\/encantocafestore.com\/fr\/wp-json\/wp\/v2\/product"}],"about":[{"href":"https:\/\/encantocafestore.com\/fr\/wp-json\/wp\/v2\/types\/product"}],"replies":[{"embeddable":true,"href":"https:\/\/encantocafestore.com\/fr\/wp-json\/wp\/v2\/comments?post=681"}],"wp:featuredmedia":[{"embeddable":true,"href":"https:\/\/encantocafestore.com\/fr\/wp-json\/wp\/v2\/media\/912"}],"wp:attachment":[{"href":"https:\/\/encantocafestore.com\/fr\/wp-json\/wp\/v2\/media?parent=681"}],"wp:term":[{"taxonomy":"product_brand","embeddable":true,"href":"https:\/\/encantocafestore.com\/fr\/wp-json\/wp\/v2\/product_brand?post=681"},{"taxonomy":"product_cat","embeddable":true,"href":"https:\/\/encantocafestore.com\/fr\/wp-json\/wp\/v2\/product_cat?post=681"},{"taxonomy":"product_tag","embeddable":true,"href":"https:\/\/encantocafestore.com\/fr\/wp-json\/wp\/v2\/product_tag?post=681"}],"curies":[{"name":"wp","href":"https:\/\/api.w.org\/{rel}","templated":true}]}}