{"id":677,"date":"2025-06-27T12:57:23","date_gmt":"2025-06-27T19:57:23","guid":{"rendered":"https:\/\/encantocafestore.com\/?post_type=product&#038;p=677"},"modified":"2026-04-18T06:37:08","modified_gmt":"2026-04-18T13:37:08","slug":"meringues-au-cafe-paquet-de-8-merenguitos","status":"publish","type":"product","link":"https:\/\/encantocafestore.com\/fr\/shop\/snacks\/coffee-meringues-8-pack-merenguitos\/","title":{"rendered":"Meringues au caf\u00e9 \u2013 Paquet de 8 - Merenguitos"},"content":{"rendered":"<p>Chez Encanto Caf\u00e9 Store, nous savons qu\u2019il existe mille fa\u00e7ons d\u00e9licieuses de savourer le caf\u00e9 \u2013 et l\u2019une des plus charmantes, ce sont nos Meringues au Caf\u00e9. L\u00e9g\u00e8res, croquantes, et confectionn\u00e9es avec du v\u00e9ritable Caf\u00e9 Quind\u00edo, ces bouch\u00e9es artisanales sont parfaites \u00e0 d\u00e9guster avec votre boisson pr\u00e9f\u00e9r\u00e9e ou pour un petit plaisir sucr\u00e9.<\/p>\n<p>Pr\u00e9par\u00e9es avec des ingr\u00e9dients simples et naturels, les meringues offrent une texture a\u00e9rienne qui fond doucement en bouche, laissant une note subtile de caf\u00e9 torr\u00e9fi\u00e9. Id\u00e9ales pour ceux qui aiment les douceurs raffin\u00e9es et d\u00e9licates<\/p>\n<p>Une exp\u00e9rience sensorielle qui emm\u00e8ne le caf\u00e9 au-del\u00e0 de la tasse, en le transformant en une bouch\u00e9e \u00e9l\u00e9gante, croustillante, qui surprend et ravit.<\/p>","protected":false},"excerpt":{"rendered":"<p>Format familial \u2013 Meringues au caf\u00e9 15g (0.53oz) x 8 Pkg<\/p>\n<p>A delicate, airy treat designed to complement your coffee moments.<\/p>\n<ul>\n<li data-start=\"503\" data-end=\"573\">\n<p data-start=\"505\" data-end=\"573\">Light, airy meringues infused with delicate Colombian coffee notes<\/p>\n<\/li>\n<li data-start=\"574\" data-end=\"630\">\n<p data-start=\"576\" data-end=\"630\">Sweet, crisp texture that melts gently in your mouth<\/p>\n<\/li>\n<li data-start=\"631\" data-end=\"693\">\n<p data-start=\"633\" data-end=\"693\">Perfect as a coffee companion or a thoughtful little treat<\/p>\n<\/li>\n<li data-start=\"694\" data-end=\"754\">\n<p data-start=\"696\" data-end=\"754\">Crafted with care to complement specialty coffee rituals<\/p>\n<\/li>\n<\/ul>","protected":false},"featured_media":1208,"comment_status":"open","ping_status":"closed","template":"","meta":{"_acf_changed":false,"inline_featured_image":false},"product_brand":[],"product_cat":[39],"product_tag":[],"class_list":{"0":"post-677","1":"product","2":"type-product","3":"status-publish","4":"has-post-thumbnail","6":"product_cat-snacks","8":"first","9":"instock","10":"taxable","11":"shipping-taxable","12":"purchasable","13":"product-type-simple"},"acf":[],"_links":{"self":[{"href":"https:\/\/encantocafestore.com\/fr\/wp-json\/wp\/v2\/product\/677","targetHints":{"allow":["GET"]}}],"collection":[{"href":"https:\/\/encantocafestore.com\/fr\/wp-json\/wp\/v2\/product"}],"about":[{"href":"https:\/\/encantocafestore.com\/fr\/wp-json\/wp\/v2\/types\/product"}],"replies":[{"embeddable":true,"href":"https:\/\/encantocafestore.com\/fr\/wp-json\/wp\/v2\/comments?post=677"}],"wp:featuredmedia":[{"embeddable":true,"href":"https:\/\/encantocafestore.com\/fr\/wp-json\/wp\/v2\/media\/1208"}],"wp:attachment":[{"href":"https:\/\/encantocafestore.com\/fr\/wp-json\/wp\/v2\/media?parent=677"}],"wp:term":[{"taxonomy":"product_brand","embeddable":true,"href":"https:\/\/encantocafestore.com\/fr\/wp-json\/wp\/v2\/product_brand?post=677"},{"taxonomy":"product_cat","embeddable":true,"href":"https:\/\/encantocafestore.com\/fr\/wp-json\/wp\/v2\/product_cat?post=677"},{"taxonomy":"product_tag","embeddable":true,"href":"https:\/\/encantocafestore.com\/fr\/wp-json\/wp\/v2\/product_tag?post=677"}],"curies":[{"name":"wp","href":"https:\/\/api.w.org\/{rel}","templated":true}]}}