{"id":594,"date":"2025-06-27T05:28:46","date_gmt":"2025-06-27T12:28:46","guid":{"rendered":"https:\/\/encantocafestore.com\/?post_type=product&#038;p=594"},"modified":"2026-04-17T20:31:43","modified_gmt":"2026-04-18T03:31:43","slug":"cafe-quindio-sweet-vanilla-recolte-speciale","status":"publish","type":"product","link":"https:\/\/encantocafestore.com\/fr\/shop\/coffee\/cafe-quindio-sweet-vanilla-specialty-harvest\/","title":{"rendered":"Colombian Specialty Coffee \u2013 Sweet Vanilla Notes | Caf\u00e9 Quind\u00edo"},"content":{"rendered":"<p>Depuis la charmante r\u00e9gion de Salento, Quind\u00edo, reconnue pour ses montagnes \u00e9clatantes et ses traditions color\u00e9es, arrive cette r\u00e9colte sp\u00e9ciale soigneusement s\u00e9lectionn\u00e9e. Cultiv\u00e9 sur des parcelles sp\u00e9cifiques au sein de fermes traditionnelles, ce caf\u00e9 a re\u00e7u une attention particuli\u00e8re pour faire ressortir ses notes les plus douces et aromatiques.<\/p>\n<p>Le climat frais de Salento, combin\u00e9 au d\u00e9vouement de ses producteurs, donne naissance \u00e0 un caf\u00e9 au caract\u00e8re affirm\u00e9 et \u00e0 la douceur r\u00e9confortante. Chaque tasse d\u00e9voile des notes s\u00e9duisantes de vanille, accompagn\u00e9es d\u2019une touche de fruits secs et de panela. Son ar\u00f4me enveloppant de caramel et son corps soyeux en font un caf\u00e9 chaleureux, id\u00e9al pour ceux qui recherchent une exp\u00e9rience d\u00e9licate mais inoubliable.<\/p>\n<p>Chez Encanto Caf\u00e9 Store, nous l\u2019avons s\u00e9lectionn\u00e9 parce qu\u2019il est plus qu\u2019un simple caf\u00e9 : c\u2019est une invitation \u00e0 savourer la douceur naturelle de notre terre, cultiv\u00e9e avec \u00e2me et servie avec amour.<\/p>","protected":false},"excerpt":{"rendered":"<p>Colombian Specialty Coffee \u2013 Sweet Vanilla Notes | Caf\u00e9 Quind\u00edo<\/p>\n<p>Caf\u00e9 en grains 250g (8.8 oz)<\/p>\n<p>From the charming region of Salento, Quind\u00edo\u2014known for its vibrant mountains and colourful traditions\u2014comes this special harvest, carefully selected.<\/p>","protected":false},"featured_media":833,"comment_status":"open","ping_status":"closed","template":"","meta":{"_acf_changed":false,"inline_featured_image":false},"product_brand":[],"product_cat":[37,67],"product_tag":[],"class_list":{"0":"post-594","1":"product","2":"type-product","3":"status-publish","4":"has-post-thumbnail","6":"product_cat-coffee","7":"product_cat-sale","9":"first","10":"instock","11":"sale","12":"featured","13":"taxable","14":"shipping-taxable","15":"purchasable","16":"product-type-simple"},"acf":[],"_links":{"self":[{"href":"https:\/\/encantocafestore.com\/fr\/wp-json\/wp\/v2\/product\/594","targetHints":{"allow":["GET"]}}],"collection":[{"href":"https:\/\/encantocafestore.com\/fr\/wp-json\/wp\/v2\/product"}],"about":[{"href":"https:\/\/encantocafestore.com\/fr\/wp-json\/wp\/v2\/types\/product"}],"replies":[{"embeddable":true,"href":"https:\/\/encantocafestore.com\/fr\/wp-json\/wp\/v2\/comments?post=594"}],"wp:featuredmedia":[{"embeddable":true,"href":"https:\/\/encantocafestore.com\/fr\/wp-json\/wp\/v2\/media\/833"}],"wp:attachment":[{"href":"https:\/\/encantocafestore.com\/fr\/wp-json\/wp\/v2\/media?parent=594"}],"wp:term":[{"taxonomy":"product_brand","embeddable":true,"href":"https:\/\/encantocafestore.com\/fr\/wp-json\/wp\/v2\/product_brand?post=594"},{"taxonomy":"product_cat","embeddable":true,"href":"https:\/\/encantocafestore.com\/fr\/wp-json\/wp\/v2\/product_cat?post=594"},{"taxonomy":"product_tag","embeddable":true,"href":"https:\/\/encantocafestore.com\/fr\/wp-json\/wp\/v2\/product_tag?post=594"}],"curies":[{"name":"wp","href":"https:\/\/api.w.org\/{rel}","templated":true}]}}