{"id":549,"date":"2025-06-26T18:36:23","date_gmt":"2025-06-27T01:36:23","guid":{"rendered":"https:\/\/encantocafestore.com\/?post_type=product&#038;p=549"},"modified":"2026-04-17T20:27:05","modified_gmt":"2026-04-18T03:27:05","slug":"cafe-quindio-milk-chocolate-recolte-speciale","status":"publish","type":"product","link":"https:\/\/encantocafestore.com\/fr\/shop\/coffee\/cafe-quindio-milk-chocolate-specialty-harvest\/","title":{"rendered":"Colombian Specialty Coffee \u2013 Milk Chocolate Notes | Caf\u00e9 Quind\u00edo"},"content":{"rendered":"<p>Chez Encanto Caf\u00e9 Store, nous croyons que les caf\u00e9s de sp\u00e9cialit\u00e9 ont une histoire \u00e0 raconter. Depuis la charmante r\u00e9gion de C\u00f3rdoba, Quind\u00edo, na\u00eet cette r\u00e9colte sp\u00e9ciale cultiv\u00e9e avec soin sur des parcelles soigneusement s\u00e9lectionn\u00e9es. L\u00e0, la richesse du sol et le travail minutieux des producteurs de caf\u00e9 r\u00e9v\u00e8lent des qualit\u00e9s exceptionnelles dans chaque grain.<\/p>\n<p>This coffee is a sensory jewel, featuring prominent chocolate notes, a hint of brown sugar, and a soft cocoa background that gently envelops the palate. Its sweet aroma of chocolate and hazelnuts makes it ideal for those who enjoy a warm, smooth, and comforting cup of coffee.<\/p>\n<p>Une \u00e9dition \u00e0 origine contr\u00f4l\u00e9e qui nous relie \u00e0 la tradition caf\u00e9i\u00e8re et \u00e0 la passion qui anime chaque recoin du Quind\u00edo. \u00c0 chaque gorg\u00e9e, on ressent la magie d\u2019une r\u00e9colte faite avec \u00e2me.<\/p>","protected":false},"excerpt":{"rendered":"<p>Colombian Specialty Coffee \u2013 Milk Chocolate Notes | Caf\u00e9 Quind\u00edo<\/p>\n<p>Caf\u00e9 en grains 250g\/8.8 oz<br \/>\nChez Encanto Caf\u00e9 Store, nous croyons que les caf\u00e9s de sp\u00e9cialit\u00e9 ont une histoire \u00e0 raconter. Depuis la charmante r\u00e9gion de C\u00f3rdoba, Quind\u00edo.<\/p>","protected":false},"featured_media":793,"comment_status":"open","ping_status":"closed","template":"","meta":{"_acf_changed":false,"inline_featured_image":false},"product_brand":[],"product_cat":[37,67],"product_tag":[],"class_list":{"0":"post-549","1":"product","2":"type-product","3":"status-publish","4":"has-post-thumbnail","6":"product_cat-coffee","7":"product_cat-sale","9":"first","10":"instock","11":"sale","12":"taxable","13":"shipping-taxable","14":"purchasable","15":"product-type-simple"},"acf":[],"_links":{"self":[{"href":"https:\/\/encantocafestore.com\/fr\/wp-json\/wp\/v2\/product\/549","targetHints":{"allow":["GET"]}}],"collection":[{"href":"https:\/\/encantocafestore.com\/fr\/wp-json\/wp\/v2\/product"}],"about":[{"href":"https:\/\/encantocafestore.com\/fr\/wp-json\/wp\/v2\/types\/product"}],"replies":[{"embeddable":true,"href":"https:\/\/encantocafestore.com\/fr\/wp-json\/wp\/v2\/comments?post=549"}],"wp:featuredmedia":[{"embeddable":true,"href":"https:\/\/encantocafestore.com\/fr\/wp-json\/wp\/v2\/media\/793"}],"wp:attachment":[{"href":"https:\/\/encantocafestore.com\/fr\/wp-json\/wp\/v2\/media?parent=549"}],"wp:term":[{"taxonomy":"product_brand","embeddable":true,"href":"https:\/\/encantocafestore.com\/fr\/wp-json\/wp\/v2\/product_brand?post=549"},{"taxonomy":"product_cat","embeddable":true,"href":"https:\/\/encantocafestore.com\/fr\/wp-json\/wp\/v2\/product_cat?post=549"},{"taxonomy":"product_tag","embeddable":true,"href":"https:\/\/encantocafestore.com\/fr\/wp-json\/wp\/v2\/product_tag?post=549"}],"curies":[{"name":"wp","href":"https:\/\/api.w.org\/{rel}","templated":true}]}}