{"id":546,"date":"2025-06-26T18:29:45","date_gmt":"2025-06-27T01:29:45","guid":{"rendered":"https:\/\/encantocafestore.com\/?post_type=product&#038;p=546"},"modified":"2026-04-17T20:32:03","modified_gmt":"2026-04-18T03:32:03","slug":"cafe-quindio-blend-espresso","status":"publish","type":"product","link":"https:\/\/encantocafestore.com\/fr\/shop\/coffee\/cafe-quindio-blend-espresso\/","title":{"rendered":"Caf\u00e9 Quind\u00edo Blend Espresso"},"content":{"rendered":"<p>Un assemblage exceptionnel n\u00e9 de la rencontre entre divers profils aromatiques du Quind\u00edo et la richesse min\u00e9rale de ses sols. Le Blend Espresso de Caf\u00e9 Quind\u00edo a \u00e9t\u00e9 con\u00e7u pour mettre en valeur le meilleur de notre r\u00e9gion : le caract\u00e8re, la douceur et l'\u00e9quilibre.<\/p>\n<p>Sa torr\u00e9faction moyenne r\u00e9v\u00e8le un corps soyeux qui charme le palais. Les notes de th\u00e9, de vanille et de cacao s\u2019entrelacent dans une exp\u00e9rience enveloppante qui \u00e9veille les sens d\u00e8s la premi\u00e8re gorg\u00e9e. Ce m\u00e9lange artisanal laisse une agr\u00e9able longueur en bouche, faisant de lui l'espresso id\u00e9al pour ceux qui recherchent intensit\u00e9, profondeur et une identit\u00e9 colombienne affirm\u00e9e.<\/p>\n<p>Chez Encanto Caf\u00e9 Store, nous avons choisi ce caf\u00e9 car il incarne avec force notre vision de l'espresso : expressif, raffin\u00e9 et profond\u00e9ment enracin\u00e9 dans son origine.<\/p>","protected":false},"excerpt":{"rendered":"<p>Ground &amp; Whole Bean 1,000g (35oz)<\/p>\n<p>An exceptional blend espresso born from the encounter between diverse profiles of Quind\u00edo and the mineral richness of its soils.<\/p>","protected":false},"featured_media":782,"comment_status":"open","ping_status":"closed","template":"","meta":{"_acf_changed":false,"inline_featured_image":false},"product_brand":[],"product_cat":[37,67],"product_tag":[],"class_list":{"0":"post-546","1":"product","2":"type-product","3":"status-publish","4":"has-post-thumbnail","6":"product_cat-coffee","7":"product_cat-sale","9":"first","10":"instock","11":"sale","12":"featured","13":"taxable","14":"shipping-taxable","15":"purchasable","16":"product-type-variable"},"acf":[],"_links":{"self":[{"href":"https:\/\/encantocafestore.com\/fr\/wp-json\/wp\/v2\/product\/546","targetHints":{"allow":["GET"]}}],"collection":[{"href":"https:\/\/encantocafestore.com\/fr\/wp-json\/wp\/v2\/product"}],"about":[{"href":"https:\/\/encantocafestore.com\/fr\/wp-json\/wp\/v2\/types\/product"}],"replies":[{"embeddable":true,"href":"https:\/\/encantocafestore.com\/fr\/wp-json\/wp\/v2\/comments?post=546"}],"wp:featuredmedia":[{"embeddable":true,"href":"https:\/\/encantocafestore.com\/fr\/wp-json\/wp\/v2\/media\/782"}],"wp:attachment":[{"href":"https:\/\/encantocafestore.com\/fr\/wp-json\/wp\/v2\/media?parent=546"}],"wp:term":[{"taxonomy":"product_brand","embeddable":true,"href":"https:\/\/encantocafestore.com\/fr\/wp-json\/wp\/v2\/product_brand?post=546"},{"taxonomy":"product_cat","embeddable":true,"href":"https:\/\/encantocafestore.com\/fr\/wp-json\/wp\/v2\/product_cat?post=546"},{"taxonomy":"product_tag","embeddable":true,"href":"https:\/\/encantocafestore.com\/fr\/wp-json\/wp\/v2\/product_tag?post=546"}],"curies":[{"name":"wp","href":"https:\/\/api.w.org\/{rel}","templated":true}]}}