{"id":530,"date":"2025-06-26T17:45:50","date_gmt":"2025-06-27T00:45:50","guid":{"rendered":"https:\/\/encantocafestore.com\/?post_type=product&#038;p=530"},"modified":"2026-01-10T15:43:13","modified_gmt":"2026-01-10T22:43:13","slug":"cafe-quindio-decafeine","status":"publish","type":"product","link":"https:\/\/encantocafestore.com\/fr\/shop\/coffee\/cafe-quindio-decaffeinated\/","title":{"rendered":"Colombian Coffee Decaffeinated &#8211; Caf\u00e9 Quind\u00edo 340gr"},"content":{"rendered":"<p>From the heart of Quind\u00edo, birthplace of some of Colombia\u2019s finest coffee traditions, comes our decaffeinated coffee: a special option for those who want to enjoy full coffee flavour, without the caffeine. At Encanto Caf\u00e9 Store, we selected it for its delicacy and depth\u2014perfect for those seeking well-being without sacrificing taste.<\/p>\n<p>Son proc\u00e9d\u00e9 naturel de d\u00e9caf\u00e9ination allie l\u2019eau de source de haute montagne \u00e0 l\u2019ac\u00e9tate d\u2019\u00e9thyle naturel, extrait de la canne \u00e0 sucre. Cette m\u00e9thode pr\u00e9serve l\u2019int\u00e9grit\u00e9 du grain en \u00e9vitant l\u2019usage de chaleur ou de pression excessive, et exclut tout additif chimique synth\u00e9tique. Le r\u00e9sultat : un caf\u00e9 au corps doux, aux notes sucr\u00e9es de cacao et de noix \u2014 id\u00e9al pour un rituel de d\u00e9tente et de pleine conscience.<\/p>","protected":false},"excerpt":{"rendered":"<p>Colombian Coffee Decaf Ground &#8211; Cafe Quind\u00edo 340g\/12 oz<br \/>\nAu c\u0153ur du Quind\u00edo, berceau de certaines des plus grandes traditions caf\u00e9i\u00e8res de Colombie, na\u00eet notre caf\u00e9 d\u00e9caf\u00e9in\u00e9.<\/p>","protected":false},"featured_media":797,"comment_status":"open","ping_status":"closed","template":"","meta":{"_acf_changed":false,"inline_featured_image":false},"product_brand":[],"product_cat":[37],"product_tag":[],"class_list":{"0":"post-530","1":"product","2":"type-product","3":"status-publish","4":"has-post-thumbnail","6":"product_cat-coffee","8":"first","9":"instock","10":"taxable","11":"shipping-taxable","12":"purchasable","13":"product-type-simple"},"acf":[],"_links":{"self":[{"href":"https:\/\/encantocafestore.com\/fr\/wp-json\/wp\/v2\/product\/530","targetHints":{"allow":["GET"]}}],"collection":[{"href":"https:\/\/encantocafestore.com\/fr\/wp-json\/wp\/v2\/product"}],"about":[{"href":"https:\/\/encantocafestore.com\/fr\/wp-json\/wp\/v2\/types\/product"}],"replies":[{"embeddable":true,"href":"https:\/\/encantocafestore.com\/fr\/wp-json\/wp\/v2\/comments?post=530"}],"wp:featuredmedia":[{"embeddable":true,"href":"https:\/\/encantocafestore.com\/fr\/wp-json\/wp\/v2\/media\/797"}],"wp:attachment":[{"href":"https:\/\/encantocafestore.com\/fr\/wp-json\/wp\/v2\/media?parent=530"}],"wp:term":[{"taxonomy":"product_brand","embeddable":true,"href":"https:\/\/encantocafestore.com\/fr\/wp-json\/wp\/v2\/product_brand?post=530"},{"taxonomy":"product_cat","embeddable":true,"href":"https:\/\/encantocafestore.com\/fr\/wp-json\/wp\/v2\/product_cat?post=530"},{"taxonomy":"product_tag","embeddable":true,"href":"https:\/\/encantocafestore.com\/fr\/wp-json\/wp\/v2\/product_tag?post=530"}],"curies":[{"name":"wp","href":"https:\/\/api.w.org\/{rel}","templated":true}]}}