{"id":1622,"date":"2026-03-10T09:44:52","date_gmt":"2026-03-10T16:44:52","guid":{"rendered":"https:\/\/encantocafestore.com\/?post_type=product&#038;p=1622"},"modified":"2026-04-17T20:05:45","modified_gmt":"2026-04-18T03:05:45","slug":"colombian-coffee-gourmet-cafe-quindio-454g","status":"publish","type":"product","link":"https:\/\/encantocafestore.com\/fr\/shop\/coffee\/colombian-coffee-gourmet-cafe-quindio-454g\/","title":{"rendered":"Colombian Coffee Gourmet- Caf\u00e9 Quind\u00edo 454g"},"content":{"rendered":"<p>Gourmet Colombian coffee from Quind\u00edo is a true gem that captures the essence of Colombian coffee excellence. Grown on farms committed to quality, this coffee represents the very best of our land. Its deep flavour of chocolate and panela, along with its balanced body, make it a warm and enveloping sensory experience. At Encanto Caf\u00e9 Store, we chose it because it reflects our identity: flavour with story, origin, and soul.<\/p>","protected":false},"excerpt":{"rendered":"<p>Colombian Coffee Gourmet Ground &amp; Whole Bean<\/p>\n<p>Le caf\u00e9 Gourmet du Quind\u00edo, en Colombie, est un v\u00e9ritable joyau qui incarne l'excellence du caf\u00e9 colombien.<\/p>","protected":false},"featured_media":806,"comment_status":"open","ping_status":"closed","template":"","meta":{"_acf_changed":false,"inline_featured_image":false},"product_brand":[],"product_cat":[37],"product_tag":[],"class_list":{"0":"post-1622","1":"product","2":"type-product","3":"status-publish","4":"has-post-thumbnail","6":"product_cat-coffee","8":"first","9":"instock","10":"taxable","11":"shipping-taxable","12":"purchasable","13":"product-type-variable"},"acf":[],"_links":{"self":[{"href":"https:\/\/encantocafestore.com\/fr\/wp-json\/wp\/v2\/product\/1622","targetHints":{"allow":["GET"]}}],"collection":[{"href":"https:\/\/encantocafestore.com\/fr\/wp-json\/wp\/v2\/product"}],"about":[{"href":"https:\/\/encantocafestore.com\/fr\/wp-json\/wp\/v2\/types\/product"}],"replies":[{"embeddable":true,"href":"https:\/\/encantocafestore.com\/fr\/wp-json\/wp\/v2\/comments?post=1622"}],"wp:featuredmedia":[{"embeddable":true,"href":"https:\/\/encantocafestore.com\/fr\/wp-json\/wp\/v2\/media\/806"}],"wp:attachment":[{"href":"https:\/\/encantocafestore.com\/fr\/wp-json\/wp\/v2\/media?parent=1622"}],"wp:term":[{"taxonomy":"product_brand","embeddable":true,"href":"https:\/\/encantocafestore.com\/fr\/wp-json\/wp\/v2\/product_brand?post=1622"},{"taxonomy":"product_cat","embeddable":true,"href":"https:\/\/encantocafestore.com\/fr\/wp-json\/wp\/v2\/product_cat?post=1622"},{"taxonomy":"product_tag","embeddable":true,"href":"https:\/\/encantocafestore.com\/fr\/wp-json\/wp\/v2\/product_tag?post=1622"}],"curies":[{"name":"wp","href":"https:\/\/api.w.org\/{rel}","templated":true}]}}