{"id":1057,"date":"2025-08-01T00:00:54","date_gmt":"2025-08-01T07:00:54","guid":{"rendered":"https:\/\/encantocafestore.com\/?post_type=product&#038;p=1057"},"modified":"2026-03-16T14:28:29","modified_gmt":"2026-03-16T21:28:29","slug":"coffee-with-love-combo","status":"publish","type":"product","link":"https:\/\/encantocafestore.com\/fr\/shop\/sale\/coffee-with-love-combo\/","title":{"rendered":"Combo Caf\u00e9 avec Amour"},"content":{"rendered":"<p>Un combo cr\u00e9\u00e9 pour offrir \u2014 ou t\u2019offrir \u2014 un peu d\u2019amour. Un caf\u00e9 aux notes sucr\u00e9es et chocolat\u00e9es, accompagn\u00e9 de nos croustillantes <em>cafecitas<\/em>, cuites au four avec soin. Parfaites pour les apr\u00e8s-midis de lecture, les conversations sinc\u00e8res ou un c\u00e2lin \u00e0 distance. Tout l\u2019amour de notre terre, emball\u00e9 avec intention.<\/p>","protected":false},"excerpt":{"rendered":"<p>Ce combo marie notre caf\u00e9 doux aux notes sucr\u00e9es et subtiles avec les classiques. <em>cafecitas<\/em>\u2014croustillants et pleins d\u2019\u00e2me. Une fa\u00e7on d\u00e9licieuse de commencer ta journ\u00e9e en douceur ou de la terminer avec gratitude.<\/p>","protected":false},"featured_media":1061,"comment_status":"open","ping_status":"closed","template":"","meta":{"_acf_changed":false,"inline_featured_image":false},"product_brand":[],"product_cat":[67],"product_tag":[],"class_list":{"0":"post-1057","1":"product","2":"type-product","3":"status-publish","4":"has-post-thumbnail","6":"product_cat-sale","8":"first","9":"instock","10":"sale","11":"featured","12":"taxable","13":"shipping-taxable","14":"purchasable","15":"product-type-variable"},"acf":[],"_links":{"self":[{"href":"https:\/\/encantocafestore.com\/fr\/wp-json\/wp\/v2\/product\/1057","targetHints":{"allow":["GET"]}}],"collection":[{"href":"https:\/\/encantocafestore.com\/fr\/wp-json\/wp\/v2\/product"}],"about":[{"href":"https:\/\/encantocafestore.com\/fr\/wp-json\/wp\/v2\/types\/product"}],"replies":[{"embeddable":true,"href":"https:\/\/encantocafestore.com\/fr\/wp-json\/wp\/v2\/comments?post=1057"}],"wp:featuredmedia":[{"embeddable":true,"href":"https:\/\/encantocafestore.com\/fr\/wp-json\/wp\/v2\/media\/1061"}],"wp:attachment":[{"href":"https:\/\/encantocafestore.com\/fr\/wp-json\/wp\/v2\/media?parent=1057"}],"wp:term":[{"taxonomy":"product_brand","embeddable":true,"href":"https:\/\/encantocafestore.com\/fr\/wp-json\/wp\/v2\/product_brand?post=1057"},{"taxonomy":"product_cat","embeddable":true,"href":"https:\/\/encantocafestore.com\/fr\/wp-json\/wp\/v2\/product_cat?post=1057"},{"taxonomy":"product_tag","embeddable":true,"href":"https:\/\/encantocafestore.com\/fr\/wp-json\/wp\/v2\/product_tag?post=1057"}],"curies":[{"name":"wp","href":"https:\/\/api.w.org\/{rel}","templated":true}]}}