{"id":81,"date":"2025-05-28T18:18:17","date_gmt":"2025-05-29T01:18:17","guid":{"rendered":"https:\/\/encantocafestore.local\/?page_id=81"},"modified":"2025-07-01T03:47:29","modified_gmt":"2025-07-01T10:47:29","slug":"notre-histoire","status":"publish","type":"page","link":"https:\/\/encantocafestore.com\/fr\/our-history\/","title":{"rendered":"Notre histoire"},"content":{"rendered":"<section id=\"\" class=\"general-content__main-container\">\r\n    <div class=\"general-content__inner-container position-right\">\r\n        <div class=\"general-content__content\">\r\n                        <div><p><strong>Encanto Caf\u00e9 Store est une marque fi\u00e8rement canadienne, n\u00e9e de l\u2019amour pour la culture du caf\u00e9 colombien et du d\u00e9sir de partager le meilleur de ses origines avec le monde.<\/strong><\/p>\n<p>Inspir\u00e9e par la richesse de sa terre et par la valeur humaine derri\u00e8re chaque produit, Encanto Caf\u00e9 est n\u00e9e comme une boutique qui recherche bien plus que la qualit\u00e9 : elle cherche l\u2019\u00e2me, le sens et la connexion.<\/p>\n<p>L\u2019histoire d\u2019Encanto Caf\u00e9 Store commence par une qu\u00eate: celle de trouver des produits qui repr\u00e9sentent le meilleur de la Colombie, cultiv\u00e9s avec soin, torr\u00e9fi\u00e9s avec pr\u00e9cision et respectant profond\u00e9ment la tradition.<\/p>\n<p>Chaque s\u00e9lection est le fruit d\u2019un processus de curation conscient, o\u00f9 la saveur, la tra\u00e7abilit\u00e9 et l\u2019histoire sont aussi importantes que le produit lui-m\u00eame.<\/p>\n<p>Encanto Caf\u00e9 Store wasn\u2019t created just to sell coffee. It was created to honor it.<\/p>\n<p>Et, \u00e0 travers lui, honorer toutes les mains qui le rendent possible.<\/p>\n<\/div>\r\n        <\/div>\r\n        <div class=\"general-content__image\">\r\n                            <img decoding=\"async\" src=\"https:\/\/encantocafestore.com\/wp-content\/uploads\/2025\/06\/P1017325-min.jpg\" alt=\"\" \/>\r\n                    <\/div>\r\n    <\/div>\r\n<\/section>","protected":false},"excerpt":{"rendered":"","protected":false},"author":2,"featured_media":0,"parent":0,"menu_order":0,"comment_status":"closed","ping_status":"closed","template":"","meta":{"_acf_changed":false,"inline_featured_image":false,"footnotes":""},"class_list":["post-81","page","type-page","status-publish","hentry"],"acf":[],"_links":{"self":[{"href":"https:\/\/encantocafestore.com\/fr\/wp-json\/wp\/v2\/pages\/81","targetHints":{"allow":["GET"]}}],"collection":[{"href":"https:\/\/encantocafestore.com\/fr\/wp-json\/wp\/v2\/pages"}],"about":[{"href":"https:\/\/encantocafestore.com\/fr\/wp-json\/wp\/v2\/types\/page"}],"author":[{"embeddable":true,"href":"https:\/\/encantocafestore.com\/fr\/wp-json\/wp\/v2\/users\/2"}],"replies":[{"embeddable":true,"href":"https:\/\/encantocafestore.com\/fr\/wp-json\/wp\/v2\/comments?post=81"}],"version-history":[{"count":0,"href":"https:\/\/encantocafestore.com\/fr\/wp-json\/wp\/v2\/pages\/81\/revisions"}],"wp:attachment":[{"href":"https:\/\/encantocafestore.com\/fr\/wp-json\/wp\/v2\/media?parent=81"}],"curies":[{"name":"wp","href":"https:\/\/api.w.org\/{rel}","templated":true}]}}