{"id":372,"date":"2025-06-15T11:56:47","date_gmt":"2025-06-15T18:56:47","guid":{"rendered":"https:\/\/encantocafestore.local\/?page_id=372"},"modified":"2026-03-27T19:34:05","modified_gmt":"2026-03-28T02:34:05","slug":"politique-d-expedition","status":"publish","type":"page","link":"https:\/\/encantocafestore.com\/fr\/shipping-policy\/","title":{"rendered":"Politique de Livraison"},"content":{"rendered":"<p class=\"has-text-align-center\"><strong>Chez <strong>Encanto Caf\u00e9 Store<\/strong>, nous nous engageons \u00e0 livrer vos commandes rapidement, en toute s\u00e9curit\u00e9 et avec une transparence totale. Vous trouverez ci-dessous notre politique d\u2019exp\u00e9dition, incluant les tarifs, les seuils de livraison gratuite et les d\u00e9lais de livraison estim\u00e9s \u00e0 travers le Canada.<\/strong><\/p>\n\n\n\n<p class=\"has-text-align-center\"><strong> <\/strong><\/p>\n\n\n\n<div style=\"height:100px\" aria-hidden=\"true\" class=\"wp-block-spacer\"><\/div>\n\n\n\n<h3 class=\"wp-block-heading\">Frais fixes par province<\/h3>\n\n\n\n<p>Colombie-Britannique (BC) et Alberta (AB) :<\/p>\n\n\n\n<p>Frais fixes: <strong>$8 CAD<\/strong><\/p>\n\n\n\n<p>Livraison gratuite pour toute commande sup\u00e9rieure \u00e0 <strong>$50 CAD<\/strong><\/p>\n\n\n\n<p><strong>Autres provinces et territoires :<\/strong><\/p>\n\n\n\n<p>Flat rate based on region<\/p>\n\n\n\n<p><\/p>\n\n\n\n<div style=\"height:100px\" aria-hidden=\"true\" class=\"wp-block-spacer\"><\/div>\n\n\n\n<p><\/p>\n\n\n\n<h3 class=\"wp-block-heading\">Seuils de livraison gratuite :<\/h3>\n\n\n\n<p>Ontario et Qu\u00e9bec : <strong>$50CAD<\/strong><\/p>\n\n\n\n<p>Provinces de l\u2019Atlantique (NB, NS, PE, NL) : <strong>$50 CAD<\/strong><\/p>\n\n\n\n<p>Saskatchewan et Manitoba : <strong>$50 CAD<\/strong><\/p>\n\n\n\n<p>Territoires (YT, NT, NU) : <strong>$70 CAD<\/strong><\/p>\n\n\n\n<div style=\"height:100px\" aria-hidden=\"true\" class=\"wp-block-spacer\"><\/div>\n\n\n\n<p><\/p>\n\n\n\n<h3 class=\"wp-block-heading\">D\u00e9lais de livraison estim\u00e9s<\/h3>\n\n\n\n<p>Vancouver m\u00e9tropolitain et reste de la Colombie-Britannique : 2\u20134 jours ouvrables<\/p>\n\n\n\n<p>Alberta (AB) : 3\u20135 jours ouvrables<\/p>\n\n\n\n<p>Saskatchewan (SK) et Manitoba (MB) : 4\u20136 jours ouvrables<\/p>\n\n\n\n<p>Ontario (ON) et Qu\u00e9bec (QC) : 5\u20137 jours ouvrables<\/p>\n\n\n\n<p>Provinces de l\u2019Atlantique (NB, NS, PE, NL) : 7\u20138 jours ouvrables<\/p>\n\n\n\n<p><strong>Territoires (YT, NT, NU) : 7\u201310 jours ouvrables<\/strong><\/p>\n\n\n\n<p>&nbsp;Veuillez noter : Il s\u2019agit de d\u00e9lais estim\u00e9s, susceptibles de varier en raison des conditions m\u00e9t\u00e9orologiques, des retards de transporteur, des jours f\u00e9ri\u00e9s ou d\u2019autres circonstances ind\u00e9pendantes de notre volont\u00e9.<\/p>\n\n\n\n<div style=\"height:100px\" aria-hidden=\"true\" class=\"wp-block-spacer\"><\/div>\n\n\n\n<p><\/p>\n\n\n\n<p><\/p>\n\n\n\n<h3 class=\"wp-block-heading\">Informations suppl\u00e9mentaires<\/h3>\n\n\n\n<p>Livraisons vers les bo\u00eetes postales ou les zones \u00e9loign\u00e9es peuvent n\u00e9cessiter un d\u00e9lai de livraison suppl\u00e9mentaire.<\/p>\n\n\n\n<p>Les commandes qui remplissent les conditions pour la livraison gratuite seront toujours exp\u00e9di\u00e9es avec l\u2019option la plus fiable et la plus \u00e9conomique disponible.<\/p>\n\n\n\n<p>Livraisons vers les bo\u00eetes postales ou les zones \u00e9loign\u00e9es peuvent n\u00e9cessiter un d\u00e9lai de livraison suppl\u00e9mentaire.<\/p>\n\n\n\n<p>Les commandes qui remplissent les conditions pour la livraison gratuite seront toujours exp\u00e9di\u00e9es avec l\u2019option la plus fiable et la plus \u00e9conomique disponible.<\/p>\n\n\n\n<div style=\"height:55px\" aria-hidden=\"true\" class=\"wp-block-spacer\"><\/div>\n\n\n\n<div style=\"height:100px\" aria-hidden=\"true\" class=\"wp-block-spacer\"><\/div>\n\n\n\n<h3 class=\"wp-block-heading has-text-align-center\">Notre Engagement<\/h3>\n\n\n\n<p class=\"has-text-align-center\">Chaque colis d\u2019Encanto Caf\u00e9 Store est pr\u00e9par\u00e9 avec soin et d\u00e9vouement. Pour toute question concernant votre livraison ou si vous avez besoin d\u2019assistance, \u00e9crivez-nous \u00e0 <strong>hello@encantocafestore.com<\/strong>. Nous serons heureux de vous aider.<\/p>\n\n\n\n<p><\/p>","protected":false},"excerpt":{"rendered":"<p>At Encanto Caf\u00e9 Store, we are committed to delivering your orders quickly, securely, and with full transparency. Below you will find our shipping policy, including rates, free shipping thresholds, and estimated delivery times across Canada. Flat-Rate Shipping by Province British Columbia (BC) &amp; Alberta (AB): Flat rate: $8 CAD Free shipping on orders over $50 [&hellip;]<\/p>\n","protected":false},"author":3,"featured_media":0,"parent":0,"menu_order":0,"comment_status":"closed","ping_status":"closed","template":"page-text.php","meta":{"_acf_changed":false,"inline_featured_image":false,"footnotes":""},"class_list":["post-372","page","type-page","status-publish","hentry"],"acf":[],"_links":{"self":[{"href":"https:\/\/encantocafestore.com\/fr\/wp-json\/wp\/v2\/pages\/372","targetHints":{"allow":["GET"]}}],"collection":[{"href":"https:\/\/encantocafestore.com\/fr\/wp-json\/wp\/v2\/pages"}],"about":[{"href":"https:\/\/encantocafestore.com\/fr\/wp-json\/wp\/v2\/types\/page"}],"author":[{"embeddable":true,"href":"https:\/\/encantocafestore.com\/fr\/wp-json\/wp\/v2\/users\/3"}],"replies":[{"embeddable":true,"href":"https:\/\/encantocafestore.com\/fr\/wp-json\/wp\/v2\/comments?post=372"}],"version-history":[{"count":1,"href":"https:\/\/encantocafestore.com\/fr\/wp-json\/wp\/v2\/pages\/372\/revisions"}],"predecessor-version":[{"id":1658,"href":"https:\/\/encantocafestore.com\/fr\/wp-json\/wp\/v2\/pages\/372\/revisions\/1658"}],"wp:attachment":[{"href":"https:\/\/encantocafestore.com\/fr\/wp-json\/wp\/v2\/media?parent=372"}],"curies":[{"name":"wp","href":"https:\/\/api.w.org\/{rel}","templated":true}]}}