{"id":265,"date":"2025-06-12T15:22:33","date_gmt":"2025-06-12T22:22:33","guid":{"rendered":"https:\/\/encantocafestore.local\/?page_id=265"},"modified":"2025-07-01T03:47:29","modified_gmt":"2025-07-01T10:47:29","slug":"nos-valeurs","status":"publish","type":"page","link":"https:\/\/encantocafestore.com\/fr\/our-values\/","title":{"rendered":"Nos valeurs"},"content":{"rendered":"<section id=\"\" class=\"grid-values__main-container\">\r\n    <div class=\"grid-values__inner-container\">\r\n                <div class=\"grid-values__content-container\">\r\n            <h3 class=\"grid-values__title\">\r\n                Qualit\u00e9 et Excellence            <\/h3>\r\n            <p>Nous nous engageons \u00e0 offrir des produits de caf\u00e9 de la plus haute qualit\u00e9 et un service d\u2019excellence. Chaque produit est r\u00e9colt\u00e9 avec soin et attention aux d\u00e9tails pour garantir une saveur incomparable et constamment d\u00e9licieuse.<\/p>\n        <\/div>\r\n                <div class=\"grid-values__content-container\">\r\n            <h3 class=\"grid-values__title\">\r\n                Passion            <\/h3>\r\n            <p>Nous vivons notre passion pour le caf\u00e9. Nous aimons ce que nous faisons et transmettons cet enthousiasme \u00e0 chaque \u00e9tape \u2014 de la s\u00e9lection minutieuse des grains jusqu\u2019\u00e0 l\u2019accueil chaleureux de nos clients, en partageant notre amour pour l\u2019art du caf\u00e9.<\/p>\n        <\/div>\r\n                <div class=\"grid-values__content-container\">\r\n            <h3 class=\"grid-values__title\">\r\n                Communaut\u00e9 et Connexion            <\/h3>\r\n            <p>Nous croyons au pouvoir de la communaut\u00e9. Encanto Caf\u00e9 est un lieu de rencontre o\u00f9 les personnes se connectent, o\u00f9 la diversit\u00e9 est c\u00e9l\u00e9br\u00e9e et o\u00f9 les relations significatives prennent vie. Nous soutenons les producteurs locaux et participons \u00e0 des initiatives qui renforcent le tissu social.<\/p>\n        <\/div>\r\n                <div class=\"grid-values__content-container\">\r\n            <h3 class=\"grid-values__title\">\r\n                Durabilit\u00e9 et Int\u00e9grit\u00e9            <\/h3>\r\n            <p>Nous agissons avec int\u00e9grit\u00e9 et responsabilit\u00e9, en assurant des pratiques durables tout au long de notre cha\u00eene de valeur. Des grains issus de sources \u00e9thiques aux mat\u00e9riaux \u00e9coresponsables, nous prenons soin de l\u2019environnement et honorons la confiance que nos clients nous accordent.<\/p>\n        <\/div>\r\n                <div class=\"grid-values__content-container\">\r\n            <h3 class=\"grid-values__title\">\r\n                Magie et Charme            <\/h3>\r\n            <p>Nous cherchons \u00e0 ajouter une touche de magie \u00e0 la vie quotidienne. Chaque d\u00e9tail \u2013 la pr\u00e9sentation de nos produits, la proximit\u00e9 avec nos clients et la qualit\u00e9 que nous offrons \u2013 constitue notre valeur ajout\u00e9e. Nous valorisons la cr\u00e9ativit\u00e9 et l\u2019authenticit\u00e9 pour que chaque achat chez Encanto Caf\u00e9 soit sp\u00e9cial et unique.<\/p>\n        <\/div>\r\n                <div class=\"grid-values__content-container\">\r\n            <h3 class=\"grid-values__title\">\r\n                Authenticit\u00e9            <\/h3>\r\n            <p>Nous honorons l\u2019origine et l\u2019identit\u00e9 de chaque produit. Chaque article que nous offrons porte en lui l\u2019\u00e2me de sa terre d\u2019origine et l\u2019histoire de son peuple.<\/p>\n        <\/div>\r\n                <div class=\"grid-values__content-container\">\r\n            <h3 class=\"grid-values__title\">\r\n                Qualit\u00e9            <\/h3>\r\n            <p>Nous travaillons avec des producteurs qui cultivent l\u2019excellence. Notre s\u00e9lection refl\u00e8te le soin, la pr\u00e9cision et l\u2019amour du m\u00e9tier.<\/p>\n        <\/div>\r\n                <div class=\"grid-values__content-container\">\r\n            <h3 class=\"grid-values__title\">\r\n                Respect de la tradition et des producteurs            <\/h3>\r\n            <p>Nous valorisons le savoir-faire et le travail des communaut\u00e9s de caf\u00e9iculteurs et d\u2019artisans. Leur h\u00e9ritage est au c\u0153ur de tout ce que nous faisons.<\/p>\n        <\/div>\r\n                <div class=\"grid-values__content-container\">\r\n            <h3 class=\"grid-values__title\">\r\n                Connexion et passerelles culturelles            <\/h3>\r\n            <p>Encanto Caf\u00e9 Store est bien plus qu\u2019une boutique: nous construisons des ponts entre le Canada et la Colombie, entre la tradition et le rituel contemporain.<\/p>\n        <\/div>\r\n                <div class=\"grid-values__content-container\">\r\n            <h3 class=\"grid-values__title\">\r\n                Durabilit\u00e9 et conscience            <\/h3>\r\n            <p>Nous encourageons des pratiques responsables et \u00e9thiques \u00e0 chaque \u00e9tape. Nous croyons en une consommation consciente, qui prot\u00e8ge l\u2019environnement et donne du pouvoir aux g\u00e9n\u00e9rations futures.<\/p>\n        <\/div>\r\n            <\/div>\r\n<\/section>","protected":false},"excerpt":{"rendered":"","protected":false},"author":3,"featured_media":0,"parent":0,"menu_order":0,"comment_status":"closed","ping_status":"closed","template":"","meta":{"_acf_changed":false,"inline_featured_image":false,"footnotes":""},"class_list":["post-265","page","type-page","status-publish","hentry"],"acf":[],"_links":{"self":[{"href":"https:\/\/encantocafestore.com\/fr\/wp-json\/wp\/v2\/pages\/265","targetHints":{"allow":["GET"]}}],"collection":[{"href":"https:\/\/encantocafestore.com\/fr\/wp-json\/wp\/v2\/pages"}],"about":[{"href":"https:\/\/encantocafestore.com\/fr\/wp-json\/wp\/v2\/types\/page"}],"author":[{"embeddable":true,"href":"https:\/\/encantocafestore.com\/fr\/wp-json\/wp\/v2\/users\/3"}],"replies":[{"embeddable":true,"href":"https:\/\/encantocafestore.com\/fr\/wp-json\/wp\/v2\/comments?post=265"}],"version-history":[{"count":0,"href":"https:\/\/encantocafestore.com\/fr\/wp-json\/wp\/v2\/pages\/265\/revisions"}],"wp:attachment":[{"href":"https:\/\/encantocafestore.com\/fr\/wp-json\/wp\/v2\/media?parent=265"}],"curies":[{"name":"wp","href":"https:\/\/api.w.org\/{rel}","templated":true}]}}