{"id":251,"date":"2025-06-12T15:04:09","date_gmt":"2025-06-12T22:04:09","guid":{"rendered":"https:\/\/encantocafestore.local\/?page_id=251"},"modified":"2025-07-01T03:31:10","modified_gmt":"2025-07-01T10:31:10","slug":"mission-et-vision","status":"publish","type":"page","link":"https:\/\/encantocafestore.com\/fr\/mission-and-vision\/","title":{"rendered":"Mission et Vision"},"content":{"rendered":"<section id=\"\" class=\"general-content__main-container\">\r\n    <div class=\"general-content__inner-container position-left\">\r\n        <div class=\"general-content__content\">\r\n                            <h2>Notre mission<\/h2>\r\n                        <div><p>Partager l\u2019\u00e2me du v\u00e9ritable caf\u00e9 colombien \u00e0 travers une exp\u00e9rience authentique et consciente, en offrant des produits soigneusement s\u00e9lectionn\u00e9s qui refl\u00e8tent la richesse de leur origine, la d\u00e9votion de ceux qui les cr\u00e9ent, et les valeurs d\u2019une marque canadienne porteuse de sens.<\/p>\n<p>Encanto Caf\u00e9 Store est n\u00e9e pour connecter les personnes \u00e0 des histoires, des rituels et des traditions qui inspirent \u2014 une tasse \u00e0 la fois.<\/p>\n<\/div>\r\n        <\/div>\r\n        <div class=\"general-content__image\">\r\n                            <img decoding=\"async\" src=\"https:\/\/encantocafestore.com\/wp-content\/uploads\/2025\/06\/P1017497-min.jpg\" alt=\"\" \/>\r\n                    <\/div>\r\n    <\/div>\r\n<\/section>\n\n\r\n<section id=\"\" class=\"general-content__main-container\">\r\n    <div class=\"general-content__inner-container position-right\">\r\n        <div class=\"general-content__content\">\r\n                            <h2>Notre vision<\/h2>\r\n                        <div><p>\u00catre une marque canadienne reconnue pour sa capacit\u00e9 \u00e0 s\u00e9lectionner et \u00e0 offrir du caf\u00e9 et des produits colombiens de haute qualit\u00e9, c\u00e9l\u00e9br\u00e9e pour sa chaleur humaine, son authenticit\u00e9 culturelle et son engagement envers un commerce \u00e9thique.<\/p>\n<p>Encanto Caf\u00e9 Store aspire \u00e0 faire partie de milliers de rituels quotidiens, en offrant non seulement du go\u00fbt, mais aussi du sens.<\/p>\n<\/div>\r\n        <\/div>\r\n        <div class=\"general-content__image\">\r\n                            <img decoding=\"async\" src=\"https:\/\/encantocafestore.com\/wp-content\/uploads\/2025\/06\/vision-side-img.jpg\" alt=\"\" \/>\r\n                    <\/div>\r\n    <\/div>\r\n<\/section>","protected":false},"excerpt":{"rendered":"","protected":false},"author":3,"featured_media":0,"parent":0,"menu_order":0,"comment_status":"closed","ping_status":"closed","template":"","meta":{"_acf_changed":false,"inline_featured_image":false,"footnotes":""},"class_list":["post-251","page","type-page","status-publish","hentry"],"acf":[],"_links":{"self":[{"href":"https:\/\/encantocafestore.com\/fr\/wp-json\/wp\/v2\/pages\/251","targetHints":{"allow":["GET"]}}],"collection":[{"href":"https:\/\/encantocafestore.com\/fr\/wp-json\/wp\/v2\/pages"}],"about":[{"href":"https:\/\/encantocafestore.com\/fr\/wp-json\/wp\/v2\/types\/page"}],"author":[{"embeddable":true,"href":"https:\/\/encantocafestore.com\/fr\/wp-json\/wp\/v2\/users\/3"}],"replies":[{"embeddable":true,"href":"https:\/\/encantocafestore.com\/fr\/wp-json\/wp\/v2\/comments?post=251"}],"version-history":[{"count":0,"href":"https:\/\/encantocafestore.com\/fr\/wp-json\/wp\/v2\/pages\/251\/revisions"}],"wp:attachment":[{"href":"https:\/\/encantocafestore.com\/fr\/wp-json\/wp\/v2\/media?parent=251"}],"curies":[{"name":"wp","href":"https:\/\/api.w.org\/{rel}","templated":true}]}}