{"id":242,"date":"2025-06-12T14:43:03","date_gmt":"2025-06-12T21:43:03","guid":{"rendered":"https:\/\/encantocafestore.local\/?page_id=242"},"modified":"2025-07-01T03:47:41","modified_gmt":"2025-07-01T10:47:41","slug":"qui-nous-sommes","status":"publish","type":"page","link":"https:\/\/encantocafestore.com\/fr\/who-we-are\/","title":{"rendered":"Qui nous sommes"},"content":{"rendered":"<section id=\"\" class=\"general-content__main-container\">\r\n    <div class=\"general-content__inner-container position-right\">\r\n        <div class=\"general-content__content\">\r\n                        <div><p class=\"p1\"><strong><span class=\"s2\"><span lang=\"EN-CA\" style=\"font-family: 'Arial',sans-serif;\">Encanto Caf\u00e9 Store est une boutique canadienne op\u00e9r\u00e9e par Encanto Trade Corp., d\u00e9di\u00e9e \u00e0 la s\u00e9lection et \u00e0 l\u2019offre de produits colombiens de haute qualit\u00e9, en particulier de caf\u00e9 torr\u00e9fi\u00e9 avec excellence.<\/span><\/span><\/strong><\/p>\n<p class=\"p1\"><span class=\"s2\"><span lang=\"EN-CA\" style=\"font-family: 'Arial',sans-serif;\">Depuis ses d\u00e9buts, la boutique collabore avec des producteurs et des marques qui partagent des valeurs fondamentales : le respect de l\u2019origine, l\u2019engagement envers la qualit\u00e9 et la passion pour l\u2019authenticit\u00e9.<\/span><\/span><\/p>\n<p class=\"p1\"><span class=\"s2\"><span lang=\"EN-CA\" style=\"font-family: 'Arial',sans-serif;\">Chaque produit s\u00e9lectionn\u00e9 refl\u00e8te une philosophie claire : ce que l\u2019on partage doit avoir du sens, une histoire et une \u00e2me.<\/span><\/span><\/p>\n<p class=\"p1\"><span class=\"s2\"><span lang=\"EN-CA\" style=\"font-family: 'Arial',sans-serif;\">Encanto Caf\u00e9 Store est bien plus qu\u2019une boutique.<\/span><\/span><\/p>\n<p class=\"p1\"><span class=\"s2\"><span lang=\"EN-CA\" style=\"font-family: 'Arial',sans-serif;\">C\u2019est un espace o\u00f9 l\u2019origine a de l\u2019importance, o\u00f9 chaque d\u00e9tail compte, et o\u00f9 la saveur devient une v\u00e9ritable exp\u00e9rience.<\/span><\/span><\/p>\n<p class=\"p1\"><span class=\"s2\"><span lang=\"EN-CA\" style=\"font-family: 'Arial',sans-serif;\">Un pont entre le c\u0153ur de la Colombie et les foyers canadiens.<\/span><\/span><\/p>\n<p class=\"p1\"><span class=\"s1\"><b><span lang=\"EN-CA\" style=\"font-family: 'Arial',sans-serif;\">\u00a0<\/span><\/b><\/span><\/p>\n<\/div>\r\n        <\/div>\r\n        <div class=\"general-content__image\">\r\n                            <img decoding=\"async\" src=\"https:\/\/encantocafestore.com\/wp-content\/uploads\/2025\/06\/P1017239-min.jpg\" alt=\"\" \/>\r\n                    <\/div>\r\n    <\/div>\r\n<\/section>","protected":false},"excerpt":{"rendered":"","protected":false},"author":3,"featured_media":0,"parent":0,"menu_order":0,"comment_status":"closed","ping_status":"closed","template":"","meta":{"_acf_changed":false,"inline_featured_image":false,"footnotes":""},"class_list":["post-242","page","type-page","status-publish","hentry"],"acf":[],"_links":{"self":[{"href":"https:\/\/encantocafestore.com\/fr\/wp-json\/wp\/v2\/pages\/242","targetHints":{"allow":["GET"]}}],"collection":[{"href":"https:\/\/encantocafestore.com\/fr\/wp-json\/wp\/v2\/pages"}],"about":[{"href":"https:\/\/encantocafestore.com\/fr\/wp-json\/wp\/v2\/types\/page"}],"author":[{"embeddable":true,"href":"https:\/\/encantocafestore.com\/fr\/wp-json\/wp\/v2\/users\/3"}],"replies":[{"embeddable":true,"href":"https:\/\/encantocafestore.com\/fr\/wp-json\/wp\/v2\/comments?post=242"}],"version-history":[{"count":0,"href":"https:\/\/encantocafestore.com\/fr\/wp-json\/wp\/v2\/pages\/242\/revisions"}],"wp:attachment":[{"href":"https:\/\/encantocafestore.com\/fr\/wp-json\/wp\/v2\/media?parent=242"}],"curies":[{"name":"wp","href":"https:\/\/api.w.org\/{rel}","templated":true}]}}