{"id":681,"date":"2025-06-27T13:05:52","date_gmt":"2025-06-27T20:05:52","guid":{"rendered":"https:\/\/encantocafestore.com\/?post_type=product&#038;p=681"},"modified":"2026-03-09T12:20:46","modified_gmt":"2026-03-09T19:20:46","slug":"coffee-cookies-8-pack-cafecitas","status":"publish","type":"product","link":"https:\/\/encantocafestore.com\/es\/shop\/snacks\/coffee-cookies-8-pack-cafecitas\/","title":{"rendered":"Galletas de Caf\u00e9 Paquete x8\u2013 Cafecitas"},"content":{"rendered":"<p>En Encanto Caf\u00e9 Store creemos que el sabor del caf\u00e9 tambi\u00e9n puede disfrutarse m\u00e1s all\u00e1 de la taza. Por eso seleccionamos estas exquisitas galletas Cafecitas, elaboradas con aut\u00e9ntico Caf\u00e9 Quind\u00edo. Son el complemento perfecto para cualquier momento del d\u00eda, especialmente pensadas para los amantes del caf\u00e9 que desean una experiencia dulce y diferente.<\/p>\n<p>Desde el coraz\u00f3n del Quind\u00edo, estas galletas artesanales combinan la suavidad de una textura crocante con el sabor inconfundible del mejor caf\u00e9 colombiano. Su preparaci\u00f3n conserva la calidad y tradici\u00f3n que representa a nuestra tierra. Perfectas para acompa\u00f1ar tu ritual diario o como detalle especial en tus regalos, Cafecitas es una delicia que enamora bocado a bocado.<\/p>","protected":false},"excerpt":{"rendered":"<p>Coffee Cookies Displays 35g (1.2oz) x 8 Pkg.<\/p>\n<p>Hemos seleccionado estas exquisitas galletas Cafecitas, elaboradas con aut\u00e9ntico Caf\u00e9 Quind\u00edo, el complemento perfecto para cualquier momento del d\u00eda.<\/p>\n<ul data-start=\"267\" data-end=\"543\">\n<li data-start=\"267\" data-end=\"333\">\n<p data-start=\"269\" data-end=\"333\">Crisp, bite-sized coffee cookies with a gently toasted flavour<\/p>\n<\/li>\n<li data-start=\"334\" data-end=\"407\">\n<p data-start=\"336\" data-end=\"407\">Balanced sweetness designed to pair beautifully with specialty coffee<\/p>\n<\/li>\n<li data-start=\"408\" data-end=\"476\">\n<p data-start=\"410\" data-end=\"476\">Perfect for sharing, gifting, or enjoying one cafecita at a time<\/p>\n<\/li>\n<li data-start=\"477\" data-end=\"543\">\n<p data-start=\"479\" data-end=\"543\">A classic Colombian treat reimagined for modern coffee rituals<\/p>\n<\/li>\n<\/ul>","protected":false},"featured_media":912,"comment_status":"open","ping_status":"closed","template":"","meta":{"_acf_changed":false,"inline_featured_image":false},"product_brand":[],"product_cat":[39],"product_tag":[],"class_list":{"0":"post-681","1":"product","2":"type-product","3":"status-publish","4":"has-post-thumbnail","6":"product_cat-snacks","8":"first","9":"instock","10":"taxable","11":"shipping-taxable","12":"purchasable","13":"product-type-simple"},"acf":[],"_links":{"self":[{"href":"https:\/\/encantocafestore.com\/es\/wp-json\/wp\/v2\/product\/681","targetHints":{"allow":["GET"]}}],"collection":[{"href":"https:\/\/encantocafestore.com\/es\/wp-json\/wp\/v2\/product"}],"about":[{"href":"https:\/\/encantocafestore.com\/es\/wp-json\/wp\/v2\/types\/product"}],"replies":[{"embeddable":true,"href":"https:\/\/encantocafestore.com\/es\/wp-json\/wp\/v2\/comments?post=681"}],"wp:featuredmedia":[{"embeddable":true,"href":"https:\/\/encantocafestore.com\/es\/wp-json\/wp\/v2\/media\/912"}],"wp:attachment":[{"href":"https:\/\/encantocafestore.com\/es\/wp-json\/wp\/v2\/media?parent=681"}],"wp:term":[{"taxonomy":"product_brand","embeddable":true,"href":"https:\/\/encantocafestore.com\/es\/wp-json\/wp\/v2\/product_brand?post=681"},{"taxonomy":"product_cat","embeddable":true,"href":"https:\/\/encantocafestore.com\/es\/wp-json\/wp\/v2\/product_cat?post=681"},{"taxonomy":"product_tag","embeddable":true,"href":"https:\/\/encantocafestore.com\/es\/wp-json\/wp\/v2\/product_tag?post=681"}],"curies":[{"name":"wp","href":"https:\/\/api.w.org\/{rel}","templated":true}]}}