{"id":549,"date":"2025-06-26T18:36:23","date_gmt":"2025-06-27T01:36:23","guid":{"rendered":"https:\/\/encantocafestore.com\/?post_type=product&#038;p=549"},"modified":"2026-04-17T20:27:05","modified_gmt":"2026-04-18T03:27:05","slug":"cafe-quindio-milk-chocolate-cosecha-especial","status":"publish","type":"product","link":"https:\/\/encantocafestore.com\/es\/shop\/coffee\/cafe-quindio-milk-chocolate-specialty-harvest\/","title":{"rendered":"Colombian Specialty Coffee \u2013 Milk Chocolate Notes | Caf\u00e9 Quind\u00edo"},"content":{"rendered":"<p>En Encanto Caf\u00e9 Store creemos que los caf\u00e9s especiales tienen una historia que contar. Desde la encantadora regi\u00f3n de C\u00f3rdoba, Quind\u00edo, nace esta cosecha especial cultivada con dedicaci\u00f3n en parcelas cuidadosamente seleccionadas. All\u00ed, la riqueza del suelo y la atenci\u00f3n minuciosa de las manos caficultoras logran resaltar cualidades excepcionales en cada grano.<\/p>\n<p>This coffee is a sensory jewel, featuring prominent chocolate notes, a hint of brown sugar, and a soft cocoa background that gently envelops the palate. Its sweet aroma of chocolate and hazelnuts makes it ideal for those who enjoy a warm, smooth, and comforting cup of coffee.<\/p>\n<p>Una edici\u00f3n de origen controlado que nos conecta con la tradici\u00f3n cafetera y la pasi\u00f3n que define cada rinc\u00f3n del Quind\u00edo. En cada sorbo, se siente la magia de una cosecha hecha con alma.<\/p>","protected":false},"excerpt":{"rendered":"<p>Colombian Specialty Coffee \u2013 Milk Chocolate Notes | Caf\u00e9 Quind\u00edo<\/p>\n<p>Caf\u00e9 en grano 250g\/8.8 oz<br \/>\nUna edici\u00f3n de origen controlado que nos conecta con la tradici\u00f3n cafetera y la pasi\u00f3n que define cada rinc\u00f3n del Quind\u00edo.<\/p>","protected":false},"featured_media":793,"comment_status":"open","ping_status":"closed","template":"","meta":{"_acf_changed":false,"inline_featured_image":false},"product_brand":[],"product_cat":[37,67],"product_tag":[],"class_list":{"0":"post-549","1":"product","2":"type-product","3":"status-publish","4":"has-post-thumbnail","6":"product_cat-coffee","7":"product_cat-sale","9":"first","10":"instock","11":"sale","12":"taxable","13":"shipping-taxable","14":"purchasable","15":"product-type-simple"},"acf":[],"_links":{"self":[{"href":"https:\/\/encantocafestore.com\/es\/wp-json\/wp\/v2\/product\/549","targetHints":{"allow":["GET"]}}],"collection":[{"href":"https:\/\/encantocafestore.com\/es\/wp-json\/wp\/v2\/product"}],"about":[{"href":"https:\/\/encantocafestore.com\/es\/wp-json\/wp\/v2\/types\/product"}],"replies":[{"embeddable":true,"href":"https:\/\/encantocafestore.com\/es\/wp-json\/wp\/v2\/comments?post=549"}],"wp:featuredmedia":[{"embeddable":true,"href":"https:\/\/encantocafestore.com\/es\/wp-json\/wp\/v2\/media\/793"}],"wp:attachment":[{"href":"https:\/\/encantocafestore.com\/es\/wp-json\/wp\/v2\/media?parent=549"}],"wp:term":[{"taxonomy":"product_brand","embeddable":true,"href":"https:\/\/encantocafestore.com\/es\/wp-json\/wp\/v2\/product_brand?post=549"},{"taxonomy":"product_cat","embeddable":true,"href":"https:\/\/encantocafestore.com\/es\/wp-json\/wp\/v2\/product_cat?post=549"},{"taxonomy":"product_tag","embeddable":true,"href":"https:\/\/encantocafestore.com\/es\/wp-json\/wp\/v2\/product_tag?post=549"}],"curies":[{"name":"wp","href":"https:\/\/api.w.org\/{rel}","templated":true}]}}