{"id":542,"date":"2025-06-26T18:16:27","date_gmt":"2025-06-27T01:16:27","guid":{"rendered":"https:\/\/encantocafestore.com\/?post_type=product&#038;p=542"},"modified":"2026-04-17T20:19:16","modified_gmt":"2026-04-18T03:19:16","slug":"cafe-quindio-organico","status":"publish","type":"product","link":"https:\/\/encantocafestore.com\/es\/shop\/coffee\/cafe-quindio-organic\/","title":{"rendered":"Organic Colombian Coffee &#8211; Caf\u00e9 Quind\u00edo"},"content":{"rendered":"<p>En Encanto Caf\u00e9 Store creemos que un buen caf\u00e9 no solo debe saber bien, sino tambi\u00e9n hacer el bien. Por eso seleccionamos nuestro caf\u00e9 org\u00e1nico con profundo respeto por la tierra y quienes la cultivan. Producido en el coraz\u00f3n del Quind\u00edo, este caf\u00e9 refleja pr\u00e1cticas sostenibles que conservan los ecosistemas y apoyan a familias caficultoras comprometidas con el medio ambiente.<\/p>\n<p>Cada grano es cultivado sin pesticidas sint\u00e9ticos, utilizando abonos org\u00e1nicos que nutren el suelo y protegen la biodiversidad. El resultado es un caf\u00e9 con notas dulces a panela, cuerpo medio y una acidez equilibrada que resalta los frutos rojos naturales de su origen. Este caf\u00e9 org\u00e1nico es m\u00e1s que un producto: es una invitaci\u00f3n a tomar una decisi\u00f3n consciente y saborear un futuro m\u00e1s armonioso.<\/p>","protected":false},"excerpt":{"rendered":"<p>Organic Colombian Coffee Ground &amp; Whole Bean 340g (12 oz)<\/p>\n<p>At Encanto Caf\u00e9 Store, we believe that great coffee should not only taste good but also do good.<\/p>","protected":false},"featured_media":817,"comment_status":"open","ping_status":"closed","template":"","meta":{"_acf_changed":false,"inline_featured_image":false},"product_brand":[],"product_cat":[37],"product_tag":[],"class_list":{"0":"post-542","1":"product","2":"type-product","3":"status-publish","4":"has-post-thumbnail","6":"product_cat-coffee","8":"first","9":"instock","10":"taxable","11":"shipping-taxable","12":"purchasable","13":"product-type-variable"},"acf":[],"_links":{"self":[{"href":"https:\/\/encantocafestore.com\/es\/wp-json\/wp\/v2\/product\/542","targetHints":{"allow":["GET"]}}],"collection":[{"href":"https:\/\/encantocafestore.com\/es\/wp-json\/wp\/v2\/product"}],"about":[{"href":"https:\/\/encantocafestore.com\/es\/wp-json\/wp\/v2\/types\/product"}],"replies":[{"embeddable":true,"href":"https:\/\/encantocafestore.com\/es\/wp-json\/wp\/v2\/comments?post=542"}],"wp:featuredmedia":[{"embeddable":true,"href":"https:\/\/encantocafestore.com\/es\/wp-json\/wp\/v2\/media\/817"}],"wp:attachment":[{"href":"https:\/\/encantocafestore.com\/es\/wp-json\/wp\/v2\/media?parent=542"}],"wp:term":[{"taxonomy":"product_brand","embeddable":true,"href":"https:\/\/encantocafestore.com\/es\/wp-json\/wp\/v2\/product_brand?post=542"},{"taxonomy":"product_cat","embeddable":true,"href":"https:\/\/encantocafestore.com\/es\/wp-json\/wp\/v2\/product_cat?post=542"},{"taxonomy":"product_tag","embeddable":true,"href":"https:\/\/encantocafestore.com\/es\/wp-json\/wp\/v2\/product_tag?post=542"}],"curies":[{"name":"wp","href":"https:\/\/api.w.org\/{rel}","templated":true}]}}