{"id":81,"date":"2025-05-28T18:18:17","date_gmt":"2025-05-29T01:18:17","guid":{"rendered":"https:\/\/encantocafestore.local\/?page_id=81"},"modified":"2025-07-01T03:47:29","modified_gmt":"2025-07-01T10:47:29","slug":"nuestra-historia","status":"publish","type":"page","link":"https:\/\/encantocafestore.com\/es\/our-history\/","title":{"rendered":"Nuestra Historia"},"content":{"rendered":"<section id=\"\" class=\"general-content__main-container\">\r\n    <div class=\"general-content__inner-container position-right\">\r\n        <div class=\"general-content__content\">\r\n                        <div><p><strong>Encanto Cafe Store es una marca proudly Canadian, nacida del amor por la cultura cafetera colombiana y del deseo de compartir lo mejor de su origen con el mundo.<\/strong><\/p>\n<p>Inspirada por la riqueza de su tierra y por el valor humano detr\u00e1s de cada producto, Encanto Cafe surge como una tienda que busca algo m\u00e1s que calidad: busca alma, prop\u00f3sito y conexi\u00f3n.<\/p>\n<p>La historia de Encanto Caf\u00e9 Store comienza con una b\u00fasqueda: encontrar productos que representen lo mejor de Colombia, trabajados con cuidado, tostados con t\u00e9cnica, y cultivados con respeto por la tradici\u00f3n.<\/p>\n<p>Cada selecci\u00f3n es el resultado de un proceso de curadur\u00eda consciente, donde el sabor, la trazabilidad y la historia son tan importantes como el producto en s\u00ed.<\/p>\n<p>Encanto Caf\u00e9 Store wasn\u2019t created just to sell coffee. It was created to honor it.<\/p>\n<p>Y con \u00e9l, a todas las manos que lo hacen posible.<\/p>\n<\/div>\r\n        <\/div>\r\n        <div class=\"general-content__image\">\r\n                            <img decoding=\"async\" src=\"https:\/\/encantocafestore.com\/wp-content\/uploads\/2025\/06\/P1017325-min.jpg\" alt=\"\" \/>\r\n                    <\/div>\r\n    <\/div>\r\n<\/section>","protected":false},"excerpt":{"rendered":"","protected":false},"author":2,"featured_media":0,"parent":0,"menu_order":0,"comment_status":"closed","ping_status":"closed","template":"","meta":{"_acf_changed":false,"inline_featured_image":false,"footnotes":""},"class_list":["post-81","page","type-page","status-publish","hentry"],"acf":[],"_links":{"self":[{"href":"https:\/\/encantocafestore.com\/es\/wp-json\/wp\/v2\/pages\/81","targetHints":{"allow":["GET"]}}],"collection":[{"href":"https:\/\/encantocafestore.com\/es\/wp-json\/wp\/v2\/pages"}],"about":[{"href":"https:\/\/encantocafestore.com\/es\/wp-json\/wp\/v2\/types\/page"}],"author":[{"embeddable":true,"href":"https:\/\/encantocafestore.com\/es\/wp-json\/wp\/v2\/users\/2"}],"replies":[{"embeddable":true,"href":"https:\/\/encantocafestore.com\/es\/wp-json\/wp\/v2\/comments?post=81"}],"version-history":[{"count":0,"href":"https:\/\/encantocafestore.com\/es\/wp-json\/wp\/v2\/pages\/81\/revisions"}],"wp:attachment":[{"href":"https:\/\/encantocafestore.com\/es\/wp-json\/wp\/v2\/media?parent=81"}],"curies":[{"name":"wp","href":"https:\/\/api.w.org\/{rel}","templated":true}]}}