{"id":402,"date":"2025-06-15T14:17:40","date_gmt":"2025-06-15T21:17:40","guid":{"rendered":"https:\/\/encantocafestore.local\/?page_id=402"},"modified":"2025-07-01T03:28:52","modified_gmt":"2025-07-01T10:28:52","slug":"politica-de-cookies","status":"publish","type":"page","link":"https:\/\/encantocafestore.com\/es\/cookie-policy\/","title":{"rendered":"Pol\u00edtica de Cookies"},"content":{"rendered":"<p class=\"has-text-align-center\"><strong>En Encanto Caf\u00e9 Store, usamos cookies para brindarte una experiencia de navegaci\u00f3n agradable, personalizada y segura. Esta pol\u00edtica explica qu\u00e9 son las cookies, c\u00f3mo las usamos y c\u00f3mo puedes gestionarlas.<\/strong><\/p>\n\n\n\n<div style=\"height:40px\" aria-hidden=\"true\" class=\"wp-block-spacer\"><\/div>\n\n\n\n<div class=\"wp-block-group is-nowrap is-layout-flex wp-container-core-group-is-layout-ad2f72ca wp-block-group-is-layout-flex\">\n<h3 class=\"wp-block-heading\">\u00bfQu\u00e9 son las cookies?<\/h3>\n<\/div>\n\n\n\n<p>Las cookies son peque\u00f1os archivos de texto que se almacenan en tu dispositivo (computadora, celular o tablet) cuando visitas un sitio web. Nos ayudan a recordar tus preferencias y a mejorar tu experiencia como usuario.<\/p>\n\n\n\n<p>\u00bfQu\u00e9 tipos de cookies usamos?<\/p>\n\n\n\n<ol class=\"wp-block-list\">\n<li><strong>Cookies esenciales<\/strong><br>Son necesarias para el funcionamiento b\u00e1sico del sitio, como mantener tus art\u00edculos en el carrito o completar el proceso de pago.<\/li>\n\n\n\n<li><strong>Cookies de rendimiento<\/strong><br>Nos permiten entender c\u00f3mo los usuarios interact\u00faan con el sitio para mejorar continuamente la navegaci\u00f3n. Usamos herramientas como Google Analytics para obtener datos an\u00f3nimos sobre visitas, p\u00e1ginas vistas, etc.<\/li>\n\n\n\n<li><strong>Cookies de funcionalidad<\/strong><br>Ayudan a recordar tus preferencias (como idioma o regi\u00f3n) y mejorar funciones personalizadas.<\/li>\n\n\n\n<li><strong>Cookies de marketing (si se usan)<\/strong><br>Nos permiten mostrarte anuncios relevantes en redes sociales u otras p\u00e1ginas web, mediante herramientas como Meta Pixel (Facebook) o Google Ads.<\/li>\n<\/ol>\n\n\n\n<h3 class=\"wp-block-heading\">\u00bfC\u00f3mo puedes gestionarlas?<\/h3>\n\n\n\n<p>Al ingresar a nuestro sitio, ver\u00e1s un aviso que te permite aceptar o rechazar cookies opcionales. Tambi\u00e9n puedes cambiar la configuraci\u00f3n de cookies directamente en tu navegador:<\/p>\n\n\n\n<ul class=\"wp-block-list\">\n<li>Activar o bloquear todas las cookies<\/li>\n\n\n\n<li>Eliminar cookies ya almacenadas<\/li>\n\n\n\n<li>Configurar alertas antes de recibir una cookie<\/li>\n<\/ul>\n\n\n\n<p>Ten en cuenta que desactivar ciertas cookies puede afectar la funcionalidad del sitio.<\/p>\n\n\n\n<p>Cambios en esta pol\u00edtica<\/p>\n\n\n\n<p>Podemos actualizar esta pol\u00edtica ocasionalmente para reflejar cambios en nuestras herramientas o en la normativa aplicable. La versi\u00f3n m\u00e1s reciente estar\u00e1 siempre disponible en esta p\u00e1gina.<\/p>\n\n\n\n<h3 class=\"wp-block-heading\">\u00bfTienes dudas?<\/h3>\n\n\n\n<p>Si tienes preguntas sobre c\u00f3mo usamos cookies, escr\u00edbenos a <a href=\"mailto:hello@encantocafestore.com\" target=\"_blank\" rel=\"noreferrer noopener\">hello@encantocafestore.com<\/a>. Estaremos felices de ayudarte.<\/p>\n\n\n\n<p><\/p>","protected":false},"excerpt":{"rendered":"<p>At Encanto Caf\u00e9 Store, we use cookies to provide you with a pleasant, personalized, and secure browsing experience. This policy explains what cookies are, how we use them, and how you can manage them. What are cookies? Cookies are small text files that are stored on your device (computer, phone, or tablet) when you visit [&hellip;]<\/p>\n","protected":false},"author":3,"featured_media":0,"parent":0,"menu_order":0,"comment_status":"closed","ping_status":"closed","template":"page-text.php","meta":{"_acf_changed":false,"inline_featured_image":false,"footnotes":""},"class_list":["post-402","page","type-page","status-publish","hentry"],"acf":[],"_links":{"self":[{"href":"https:\/\/encantocafestore.com\/es\/wp-json\/wp\/v2\/pages\/402","targetHints":{"allow":["GET"]}}],"collection":[{"href":"https:\/\/encantocafestore.com\/es\/wp-json\/wp\/v2\/pages"}],"about":[{"href":"https:\/\/encantocafestore.com\/es\/wp-json\/wp\/v2\/types\/page"}],"author":[{"embeddable":true,"href":"https:\/\/encantocafestore.com\/es\/wp-json\/wp\/v2\/users\/3"}],"replies":[{"embeddable":true,"href":"https:\/\/encantocafestore.com\/es\/wp-json\/wp\/v2\/comments?post=402"}],"version-history":[{"count":0,"href":"https:\/\/encantocafestore.com\/es\/wp-json\/wp\/v2\/pages\/402\/revisions"}],"wp:attachment":[{"href":"https:\/\/encantocafestore.com\/es\/wp-json\/wp\/v2\/media?parent=402"}],"curies":[{"name":"wp","href":"https:\/\/api.w.org\/{rel}","templated":true}]}}