{"id":265,"date":"2025-06-12T15:22:33","date_gmt":"2025-06-12T22:22:33","guid":{"rendered":"https:\/\/encantocafestore.local\/?page_id=265"},"modified":"2025-07-01T03:47:29","modified_gmt":"2025-07-01T10:47:29","slug":"nuestros-valores","status":"publish","type":"page","link":"https:\/\/encantocafestore.com\/es\/our-values\/","title":{"rendered":"Valores"},"content":{"rendered":"<section id=\"\" class=\"grid-values__main-container\">\r\n    <div class=\"grid-values__inner-container\">\r\n                <div class=\"grid-values__content-container\">\r\n            <h3 class=\"grid-values__title\">\r\n                Calidad y Excelencia            <\/h3>\r\n            <p>Nos comprometemos a ofrecer productos de caf\u00e9 de la m\u00e1s alta calidad y excelencia en el servicio. Cada producto se cosecha con dedicaci\u00f3n y atenci\u00f3n al detalle para asegurar un sabor incomparable y consistentemente delicioso.<\/p>\n        <\/div>\r\n                <div class=\"grid-values__content-container\">\r\n            <h3 class=\"grid-values__title\">\r\n                Pasi\u00f3n            <\/h3>\r\n            <p>Vivimos la pasi\u00f3n por el caf\u00e9. Amamos lo que hacemos y transmitimos ese entusiasmo en cada interacci\u00f3n, desde la selecci\u00f3n cuidadosa de granos hasta la forma en que recibimos a nuestros clientes, contagiando nuestro amor por el arte cafetero.<\/p>\n        <\/div>\r\n                <div class=\"grid-values__content-container\">\r\n            <h3 class=\"grid-values__title\">\r\n                Comunidad y Conexi\u00f3n            <\/h3>\r\n            <p>Creemos en el poder de la comunidad. Encanto Caf\u00e9 es un lugar donde conectamos personas, celebrando la diversidad y fomentando relaciones significativas. Apoyamos a productores locales y nos involucramos en iniciativas que fortalezcan el tejido social.<\/p>\n        <\/div>\r\n                <div class=\"grid-values__content-container\">\r\n            <h3 class=\"grid-values__title\">\r\n                Sostenibilidad e Integridad            <\/h3>\r\n            <p>Actuamos con integridad y responsabilidad, asegurando pr\u00e1cticas sostenibles en toda la cadena de valor. Desde el origen de nuestros granos, comprados de forma \u00e9tica, hasta el uso de materiales eco-amigables, cuidamos del medio ambiente y honramos la confianza de nuestros clientes.<\/p>\n        <\/div>\r\n                <div class=\"grid-values__content-container\">\r\n            <h3 class=\"grid-values__title\">\r\n                Magia y Encanto            <\/h3>\r\n            <p>Buscamos a\u00f1adir un toque de magia a la vida cotidiana. Cada detalle, la presentaci\u00f3n de nuestros productos, la cercan\u00eda a nuestros clientes y nuestra calidad, son nuestro valor agregado. Valoramos la creatividad y la autenticidad, para que cada compra a Encanto Caf\u00e9 sea especial y \u00fanica.<\/p>\n        <\/div>\r\n                <div class=\"grid-values__content-container\">\r\n            <h3 class=\"grid-values__title\">\r\n                Autenticidad            <\/h3>\r\n            <p>Honramos el origen y la identidad detr\u00e1s de cada producto. Cada art\u00edculo que ofrecemos lleva la esencia de la tierra y la historia de su gente.<\/p>\n        <\/div>\r\n                <div class=\"grid-values__content-container\">\r\n            <h3 class=\"grid-values__title\">\r\n                Calidad            <\/h3>\r\n            <p>Trabajamos con productores que cultivan la excelencia. Nuestra selecci\u00f3n refleja cuidado, precisi\u00f3n y amor por el oficio.<\/p>\n        <\/div>\r\n                <div class=\"grid-values__content-container\">\r\n            <h3 class=\"grid-values__title\">\r\n                Respeto por la tradici\u00f3n y el productor:            <\/h3>\r\n            <p>Valoramos el conocimiento y el trabajo de las comunidades caficultoras y artesanas. Su legado est\u00e1 en el coraz\u00f3n de todo lo que hacemos.<\/p>\n        <\/div>\r\n                <div class=\"grid-values__content-container\">\r\n            <h3 class=\"grid-values__title\">\r\n                Conexi\u00f3n y puentes culturales            <\/h3>\r\n            <p>Encanto Cafe Store es m\u00e1s que una tienda: construimos puentes entre Canad\u00e1 y Colombia, entre la tradici\u00f3n y el ritual contempor\u00e1neo.<\/p>\n        <\/div>\r\n                <div class=\"grid-values__content-container\">\r\n            <h3 class=\"grid-values__title\">\r\n                Sostenibilidad y conciencia            <\/h3>\r\n            <p>Promovemos pr\u00e1cticas responsables y \u00e9ticas en cada etapa. Creemos en un consumo consciente que cuida del entorno y empodera a las futuras generaciones.<\/p>\n        <\/div>\r\n            <\/div>\r\n<\/section>","protected":false},"excerpt":{"rendered":"","protected":false},"author":3,"featured_media":0,"parent":0,"menu_order":0,"comment_status":"closed","ping_status":"closed","template":"","meta":{"_acf_changed":false,"inline_featured_image":false,"footnotes":""},"class_list":["post-265","page","type-page","status-publish","hentry"],"acf":[],"_links":{"self":[{"href":"https:\/\/encantocafestore.com\/es\/wp-json\/wp\/v2\/pages\/265","targetHints":{"allow":["GET"]}}],"collection":[{"href":"https:\/\/encantocafestore.com\/es\/wp-json\/wp\/v2\/pages"}],"about":[{"href":"https:\/\/encantocafestore.com\/es\/wp-json\/wp\/v2\/types\/page"}],"author":[{"embeddable":true,"href":"https:\/\/encantocafestore.com\/es\/wp-json\/wp\/v2\/users\/3"}],"replies":[{"embeddable":true,"href":"https:\/\/encantocafestore.com\/es\/wp-json\/wp\/v2\/comments?post=265"}],"version-history":[{"count":0,"href":"https:\/\/encantocafestore.com\/es\/wp-json\/wp\/v2\/pages\/265\/revisions"}],"wp:attachment":[{"href":"https:\/\/encantocafestore.com\/es\/wp-json\/wp\/v2\/media?parent=265"}],"curies":[{"name":"wp","href":"https:\/\/api.w.org\/{rel}","templated":true}]}}